{"id":2608,"date":"2026-01-14T03:41:59","date_gmt":"2026-01-14T03:41:59","guid":{"rendered":"https:\/\/depot.phil-lab.ca\/privacy-policy\/"},"modified":"2026-03-09T20:55:34","modified_gmt":"2026-03-09T20:55:34","slug":"politique-de-confidentialite","status":"publish","type":"page","link":"https:\/\/depotmtl.org\/fr\/politique-de-confidentialite\/","title":{"rendered":"Politique de confidentialit\u00e9"},"content":{"rendered":"\t\t<div data-elementor-type=\"wp-post\" data-elementor-id=\"2608\" class=\"elementor elementor-2608 elementor-2356\" data-elementor-post-type=\"page\">\n\t\t\t\t<div class=\"elementor-element elementor-element-dd50dca e-flex e-con-boxed e-con e-parent\" data-id=\"dd50dca\" data-element_type=\"container\" data-e-type=\"container\">\n\t\t\t\t\t<div class=\"e-con-inner\">\n\t\t<div class=\"elementor-element elementor-element-280b92a e-con-full e-flex e-con e-child\" data-id=\"280b92a\" data-element_type=\"container\" data-e-type=\"container\" data-settings=\"{&quot;background_background&quot;:&quot;classic&quot;}\">\n\t\t\t\t<div class=\"elementor-element elementor-element-aa90bcb elementor-invisible elementor-widget elementor-widget-heading\" data-id=\"aa90bcb\" data-element_type=\"widget\" data-e-type=\"widget\" data-settings=\"{&quot;_animation&quot;:&quot;fadeIn&quot;,&quot;_animation_delay&quot;:200}\" data-widget_type=\"heading.default\">\n\t\t\t\t\t<h2 class=\"elementor-heading-title elementor-size-default\">Politique de confidentialit\u00e9<\/h2>\t\t\t\t<\/div>\n\t\t\t\t<div class=\"elementor-element elementor-element-c6dda88 elementor-invisible elementor-widget elementor-widget-text-editor\" data-id=\"c6dda88\" data-element_type=\"widget\" data-e-type=\"widget\" data-settings=\"{&quot;_animation&quot;:&quot;fadeIn&quot;,&quot;_animation_delay&quot;:300}\" data-widget_type=\"text-editor.default\">\n\t\t\t\t\t\t\t\t\t<a style=\"color: #ffffff; text-decoration: underline;\" href=\"\/fr\">Accueil<\/a> \/ \u00c0 propos de nous \/ Politique de confidentialit\u00e9\t\t\t\t\t\t\t\t<\/div>\n\t\t\t\t<\/div>\n\t\t\t\t\t<\/div>\n\t\t\t\t<\/div>\n\t\t<div class=\"elementor-element elementor-element-43a9470 e-flex e-con-boxed e-con e-parent\" data-id=\"43a9470\" data-element_type=\"container\" data-e-type=\"container\">\n\t\t\t\t\t<div class=\"e-con-inner\">\n\t\t\t\t<div class=\"elementor-element elementor-element-9cd1855 elementor-widget elementor-widget-text-editor\" data-id=\"9cd1855\" data-element_type=\"widget\" data-e-type=\"widget\" data-widget_type=\"text-editor.default\">\n\t\t\t\t\t\t\t\t\t<b>Derni\u00e8re mise \u00e0 jour : 2026-03-05<\/b>\n<b>Last updated: 2026-03-05<\/b>\n<h2><b>Politique de protection de la vie priv\u00e9e du D\u00e9p\u00f4t<\/b><\/h2>\n<span style=\"font-weight: 400;\">Le D\u00e9p\u00f4t Centre Communautaire Alimentaire (Le D\u00e9p\u00f4t) est une organisation \u00e0 but non lucratif qui travaille en collaboration avec d&rsquo;autres partenaires communautaires pour r\u00e9pondre aux probl\u00e8mes de s\u00e9curit\u00e9 alimentaire dans NDG et dans les secteurs environnants.<\/span>\n<br>\n<br>\nLe D\u00e9p\u00f4t s&rsquo;engage \u00e0 pr\u00e9server la confidentialit\u00e9 des informations personnelles et \u00e0 les traiter avec soin. Cette politique de protection de la vie priv\u00e9e s&rsquo;applique aux programmes et services offerts par Le D\u00e9p\u00f4t et \u00e0 notre site web <a href=\"https:\/\/depotmtl.org\/fr\/\">https:\/\/depotmtl.org\/fr\/<\/a>, et explique nos pratiques en mati\u00e8re de confidentialit\u00e9 et de s\u00e9curit\u00e9.\n<br>\n<br>\nDans la pr\u00e9sente Politique de protection de la vie priv\u00e9e, les <em>informations personnelles<\/em> sont celles qui permettent d&rsquo;identifier une personne, directement ou indirectement.\n<br>\n<br>\nVotre vie priv\u00e9e est notre principale pr\u00e9occupation. Notre objectif est de garantir la confidentialit\u00e9 et la s\u00e9curit\u00e9 des informations personnelles que vous nous fournissez et de prot\u00e9ger ces informations conform\u00e9ment aux lois applicables en mati\u00e8re de protection de la vie priv\u00e9e. En continuant \u00e0 naviguer sur notre site web ou en utilisant nos services, vous acceptez notre Politique de protection de la vie priv\u00e9e.\n<h3><b>Quelles sont les informations personnelles que nous recueillons ?<\/b><\/h3>\n<ul>\n \t<li>Noms (pr\u00e9nom et nom)<\/li>\n \t<li>T\u00e9l\u00e9phone et\/ou adresse \u00e9lectronique<\/li>\n \t<li>Adresse<\/li>\n \t<li>Mois et ann\u00e9e de naissance<\/li>\n \t<li>Toute restriction alimentaire dont vous pourriez nous faire part<\/li>\n \t<li>Informations relatives au paiement, telles que le num\u00e9ro de carte de cr\u00e9dit, la date d&rsquo;expiration et le code CCV (si n\u00e9cessaire pour un don)<\/li>\n \t<li>Informations techniques limit\u00e9es relatives \u00e0 l&rsquo;utilisation du site Web (voir la section \u00ab Analyse du site Web \u00bb ci-dessous)<\/li>\n<\/ul>\n<br>\nNous pouvons \u00e9galement collecter des informations personnelles afin de nous conformer aux exigences l\u00e9gales et exigences r\u00e9glementaires applicables, ou \u00e0 d&rsquo;autres fins autoris\u00e9es par la loi.\n<h3><b>Comment nous utilisons vos informations<\/b><\/h3>\n<span style=\"font-weight: 400;\">Nous utilisons ces informations pour :<\/span>\n<ul>\n \t<li aria-level=\"1\">Mettre en \u0153uvre nos programmes et\/ou fournir nos services<\/li>\n \t<li aria-level=\"1\">Vous contacter si vous avez fait une demande de renseignements ou si vous vous \u00eates inscrit sur notre liste de diffusion<\/li>\n \t<li aria-level=\"1\">\u00c9laborer des statistiques et des rapports<\/li>\n \t<li aria-level=\"1\">Traiter les paiements et les re\u00e7us fiscaux pour les dons<\/li>\n<\/ul>\n<br>\nCes informations sont collect\u00e9es par le biais de formulaires en ligne ou de questions pos\u00e9es en personne, ainsi que par toute correspondance (courriel, t\u00e9l\u00e9phone ou lettre) que vous entretenez avec nous.\n<h3><b>Analyse du site Web et confidentialit\u00e9 en ligne :<\/b><\/h3>\n<span style=\"font-weight: 400;\">Notre site Web utilise Fathom Analytics, un outil d&rsquo;analyse ax\u00e9 sur la confidentialit\u00e9, conforme \u00e0 notre engagement en faveur de la transparence et des pratiques num\u00e9riques \u00e9thiques.<\/span>\n\nContrairement aux plateformes d&rsquo;analyse traditionnelles :\n<ul>\n \t<li aria-level=\"1\">Fathom n&rsquo;utilise pas de cookies.<\/li>\n \t<li aria-level=\"1\">Fathom ne collecte pas d&rsquo;informations personnelles.<\/li>\n \t<li aria-level=\"1\">Aucune information d&rsquo;identification n&rsquo;est stock\u00e9e sur votre appareil.<\/li>\n \t<li aria-level=\"1\">Les adresses IP sont bri\u00e8vement trait\u00e9es \u00e0 des fins statistiques, puis supprim\u00e9es.<\/li>\n \t<li aria-level=\"1\">Aucun profil d&rsquo;utilisateur n&rsquo;est cr\u00e9\u00e9.<\/li>\n \t<li aria-level=\"1\">Aucun suivi intersites n&rsquo;est effectu\u00e9.<\/li>\n<\/ul>\n<br>\nToutes les donn\u00e9es collect\u00e9es sont anonymis\u00e9es et utilis\u00e9es uniquement pour comprendre le trafic global du site Web et les habitudes d&rsquo;utilisation. Cela nous aide \u00e0 am\u00e9liorer le contenu, l&rsquo;accessibilit\u00e9 et la convivialit\u00e9 de notre site Web.\nComme Fathom ne collecte ni ne stocke de donn\u00e9es personnelles, notre site Web ne n\u00e9cessite pas de banni\u00e8res intrusives demandant le consentement pour l&rsquo;utilisation de cookies.\nPour plus de commodit\u00e9, notre site peut contenir des liens vers des sites Web externes (tels que des plateformes de r\u00e9seaux sociaux). Ces sites ne sont pas sous notre contr\u00f4le et nous ne sommes pas responsables de leurs pratiques en mati\u00e8re de confidentialit\u00e9. Veuillez consulter les politiques de confidentialit\u00e9 de tous les sites externes que vous visitez.\n<h3><b>Imformations Techniques<\/b><\/h3>\n<span style=\"font-weight: 400;\">Lorsque vous visitez notre site Web, certaines informations techniques limit\u00e9es peuvent \u00eatre trait\u00e9es, telles que :<\/span>\n<ul>\n \t<li aria-level=\"1\">Type de navigateur<\/li>\n \t<li aria-level=\"1\">Syst\u00e8me d&rsquo;exploitation<\/li>\n \t<li aria-level=\"1\">Nom de domaine<\/li>\n \t<li aria-level=\"1\">Heures d&rsquo;acc\u00e8s<\/li>\n \t<li aria-level=\"1\">Adresses des sites Web r\u00e9f\u00e9rents<\/li>\n<\/ul>\n<br>\nCes informations sont utilis\u00e9es sous forme agr\u00e9g\u00e9e pour maintenir la fonctionnalit\u00e9 du site Web, diagnostiquer les probl\u00e8mes techniques et am\u00e9liorer l&rsquo;exp\u00e9rience utilisateur. Nous ne tentons pas de relier ces informations \u00e0 des personnes identifiables, sauf si la loi l&rsquo;exige.\n<h3><b>Divulgation et conservation des renseignements personnels :<\/b><\/h3>\n<span style=\"font-weight: 400;\">Nous pouvons divulguer vos informations personnelles \u00e0 d&rsquo;autres fins si la loi nous y oblige ou si vous nous en donnez l&rsquo;autorisation.<\/span>\n<br>\n<br>\nCes informations sont conserv\u00e9es dans un environnement s\u00e9curis\u00e9 et sur des serveurs situ\u00e9s au Canada ou aux \u00c9tats-Unis.\n<br>\n<br>\nVeuillez noter que les lois sur la protection de la vie priv\u00e9e en vigueur dans d&rsquo;autres juridictions peuvent diff\u00e9rer de celles du Qu\u00e9bec et peuvent ne pas offrir le m\u00eame niveau de protection que les lois sur la protection de la vie priv\u00e9e en vigueur dans votre juridiction. Lorsque des informations sont stock\u00e9es ou trait\u00e9es en dehors du Qu\u00e9bec, elles peuvent \u00eatre soumises aux lois de ces autres juridictions et \u00eatre accessibles par leurs autorit\u00e9s. Dans ce cas, nous avons conclu des accords avec nos fournisseurs de services afin de nous assurer qu&rsquo;ils respectent toutes les lois applicables en mati\u00e8re de protection de la vie priv\u00e9e.\n<br>\n<br>\nLes personnes qui auront acc\u00e8s aux informations personnelles sont le personnel du D\u00e9p\u00f4t, ainsi que certains b\u00e9n\u00e9voles, qui sont tous tenus d&rsquo;accepter notre Politique de confidentialit\u00e9. Nous assurons la s\u00e9curit\u00e9 des informations par le biais de diverses mesures, notamment :\n<ul>\n \t<li aria-level=\"1\">Mots de passe<\/li>\n \t<li aria-level=\"1\">Sauvegardes<\/li>\n \t<li aria-level=\"1\">Pare-feu et logiciels de s\u00e9curit\u00e9 informatique<\/li>\n \t<li aria-level=\"1\">Gestion des acc\u00e8s seulement par les personnes autoris\u00e9es<\/li>\n<\/ul>\n<br>\nDans certains cas, nous pouvons partager des informations personnelles avec des prestataires de services tiers qui fournissent des services en notre nom, y compris des fournisseurs de services informatiques, de services de marketing et de services d&rsquo;h\u00e9bergement de donn\u00e9es.\n<br>\n<br>\nNous ne conservons les informations personnelles que le temps n\u00e9cessaire \u00e0 la r\u00e9alisation des objectifs pour lesquels elles ont \u00e9t\u00e9 collect\u00e9es, ou \u00e0 des fins l\u00e9gales ou r\u00e9glementaires. Pass\u00e9 ce d\u00e9lai, vos informations personnelles seront supprim\u00e9es de tous nos syst\u00e8mes ou rendues anonymes, ce qui signifie qu&rsquo;il ne sera plus possible de remonter jusqu&rsquo;\u00e0 vous.\n<h3><b>VOS DROIGTS<\/b><\/h3>\nVous avez le droit d&rsquo;acc\u00e9der aux informations que nous avons recueillies sur vous, de les corriger, de les faire supprimer de nos syst\u00e8mes et\/ou de retirer votre consentement au traitement de vos informations personnelles. Pour ce faire, veuillez nous contacter \u00e0 l&rsquo;adresse <a href=\"mailto:privacy@depotmtl.org\">privacy@depotmtl.org<\/a> ou au <strong>514-483-4680.<\/strong>\n<br>\n<br>\nVeuillez noter que si vous demandez la suppression de vos informations ou souhaitez retirer votre consentement, cela peut avoir un impact sur les services que nous pouvons vous offrir. Dans certains cas, la loi applicable peut nous obliger \u00e0 refuser votre demande d&rsquo;acc\u00e8s, de modification ou de suppression de vos informations, ou de retrait de votre consentement. Si nous ne sommes pas en mesure de r\u00e9pondre \u00e0 votre demande, nous vous en informerons, sous r\u00e9serve de toute restriction l\u00e9gale ou r\u00e9glementaire.\n<br>\n<br>\nSi vous avez des questions ou souhaitez d\u00e9poser une plainte, veuillez contacter notre responsable de la confidentialit\u00e9 \u00e0 l&rsquo;adresse <a href=\"mailto:privacy@depotmtl.org\">privacy@depotmtl.org<\/a>.\n<br>\n<br>\nCette politique a \u00e9t\u00e9 adopt\u00e9e par le Conseil d&rsquo;administration le 19 f\u00e9vrier 2024. La derni\u00e8re modification date du 5 mars 2026.\n<br>\n<br>\nNous nous r\u00e9servons le droit de modifier cette Politique de protection de la vie priv\u00e9e \u00e0 tout moment. Si nous avons l&rsquo;intention d&rsquo;utiliser ou de divulguer des informations personnelles \u00e0 des fins mat\u00e9rielles diff\u00e9rentes de celles d\u00e9crites dans la pr\u00e9sente Politique de protection de la vie priv\u00e9e, nous ferons des efforts raisonnables pour vous en informer, notamment en publiant la Politique de protection de la vie priv\u00e9e r\u00e9vis\u00e9e sur notre site web.\t\t\t\t\t\t\t\t<\/div>\n\t\t\t\t\t<\/div>\n\t\t\t\t<\/div>\n\t\t\t\t<\/div>\n\t\t","protected":false},"excerpt":{"rendered":"<p>Politique de confidentialit\u00e9 Accueil \/ \u00c0 propos de nous \/ Politique de confidentialit\u00e9Derni\u00e8re mise \u00e0 jour : 2026-03-05 Last updated: 2026-03-05 Politique de protection de la vie priv\u00e9e du D\u00e9p\u00f4t Le D\u00e9p\u00f4t Centre Communautaire Alimentaire (Le D\u00e9p\u00f4t) est une organisation \u00e0 but non lucratif qui travaille en collaboration avec d&rsquo;autres partenaires communautaires pour r\u00e9pondre aux [&hellip;]<\/p>\n","protected":false},"author":3,"featured_media":2540,"parent":0,"menu_order":0,"comment_status":"closed","ping_status":"closed","template":"","meta":{"footnotes":""},"class_list":["post-2608","page","type-page","status-publish","has-post-thumbnail","hentry"],"aioseo_notices":[],"_links":{"self":[{"href":"https:\/\/depotmtl.org\/fr\/wp-json\/wp\/v2\/pages\/2608","targetHints":{"allow":["GET"]}}],"collection":[{"href":"https:\/\/depotmtl.org\/fr\/wp-json\/wp\/v2\/pages"}],"about":[{"href":"https:\/\/depotmtl.org\/fr\/wp-json\/wp\/v2\/types\/page"}],"author":[{"embeddable":true,"href":"https:\/\/depotmtl.org\/fr\/wp-json\/wp\/v2\/users\/3"}],"replies":[{"embeddable":true,"href":"https:\/\/depotmtl.org\/fr\/wp-json\/wp\/v2\/comments?post=2608"}],"version-history":[{"count":10,"href":"https:\/\/depotmtl.org\/fr\/wp-json\/wp\/v2\/pages\/2608\/revisions"}],"predecessor-version":[{"id":3856,"href":"https:\/\/depotmtl.org\/fr\/wp-json\/wp\/v2\/pages\/2608\/revisions\/3856"}],"wp:featuredmedia":[{"embeddable":true,"href":"https:\/\/depotmtl.org\/fr\/wp-json\/wp\/v2\/media\/2540"}],"wp:attachment":[{"href":"https:\/\/depotmtl.org\/fr\/wp-json\/wp\/v2\/media?parent=2608"}],"curies":[{"name":"wp","href":"https:\/\/api.w.org\/{rel}","templated":true}]}}