{"id":2616,"date":"2025-11-25T23:28:59","date_gmt":"2025-11-25T23:28:59","guid":{"rendered":"https:\/\/depot.phil-lab.ca\/policies-reports\/"},"modified":"2026-03-10T17:31:14","modified_gmt":"2026-03-10T17:31:14","slug":"politiques-et-rapports","status":"publish","type":"page","link":"https:\/\/depotmtl.org\/fr\/politiques-et-rapports\/","title":{"rendered":"Politiques et rapports"},"content":{"rendered":"\t\t<div data-elementor-type=\"wp-post\" data-elementor-id=\"2616\" class=\"elementor elementor-2616 elementor-882\" data-elementor-post-type=\"page\">\n\t\t\t\t<div class=\"elementor-element elementor-element-dd50dca e-flex e-con-boxed e-con e-parent\" data-id=\"dd50dca\" data-element_type=\"container\" data-e-type=\"container\">\n\t\t\t\t\t<div class=\"e-con-inner\">\n\t\t<div class=\"elementor-element elementor-element-280b92a e-con-full e-flex e-con e-child\" data-id=\"280b92a\" data-element_type=\"container\" data-e-type=\"container\" data-settings=\"{&quot;background_background&quot;:&quot;classic&quot;}\">\n\t\t\t\t<div class=\"elementor-element elementor-element-aa90bcb elementor-invisible elementor-widget elementor-widget-heading\" data-id=\"aa90bcb\" data-element_type=\"widget\" data-e-type=\"widget\" data-settings=\"{&quot;_animation&quot;:&quot;fadeIn&quot;,&quot;_animation_delay&quot;:200}\" data-widget_type=\"heading.default\">\n\t\t\t\t\t<h2 class=\"elementor-heading-title elementor-size-default\">Politiques et rapports<\/h2>\t\t\t\t<\/div>\n\t\t\t\t<div class=\"elementor-element elementor-element-c6dda88 elementor-invisible elementor-widget elementor-widget-text-editor\" data-id=\"c6dda88\" data-element_type=\"widget\" data-e-type=\"widget\" data-settings=\"{&quot;_animation&quot;:&quot;fadeIn&quot;,&quot;_animation_delay&quot;:300}\" data-widget_type=\"text-editor.default\">\n\t\t\t\t\t\t\t\t\t<a style=\"color: #ffffff; text-decoration: underline;\" href=\"\/fr\">Accueil<\/a> \/ \u00c0 propos de nous \/ Politiques et rapports\t\t\t\t\t\t\t\t<\/div>\n\t\t\t\t<\/div>\n\t\t\t\t\t<\/div>\n\t\t\t\t<\/div>\n\t\t<div class=\"elementor-element elementor-element-916751f e-flex e-con-boxed e-con e-parent\" data-id=\"916751f\" data-element_type=\"container\" data-e-type=\"container\">\n\t\t\t\t\t<div class=\"e-con-inner\">\n\t\t<div class=\"elementor-element elementor-element-a6bb580 e-con-full e-flex e-con e-child\" data-id=\"a6bb580\" data-element_type=\"container\" data-e-type=\"container\">\n\t\t<div class=\"elementor-element elementor-element-5d791f4 e-con-full e-flex e-con e-child\" data-id=\"5d791f4\" data-element_type=\"container\" data-e-type=\"container\">\n\t\t\t\t<div class=\"elementor-element elementor-element-eb5cc67 elementor-invisible elementor-widget elementor-widget-text-editor\" data-id=\"eb5cc67\" data-element_type=\"widget\" data-e-type=\"widget\" data-settings=\"{&quot;_animation&quot;:&quot;fadeIn&quot;,&quot;_animation_delay&quot;:400}\" data-widget_type=\"text-editor.default\">\n\t\t\t\t\t\t\t\t\t<p>La transparence et la responsabilit\u00e9 sont au c\u0153ur de notre fa\u00e7on de travailler. En partageant nos r\u00e8glements, politiques, rapports annuels et \u00e9tats financiers, nous assurons une ouverture envers notre communaut\u00e9 et nos partenaires, tout en offrant des outils qui pourraient inspirer et guider d\u2019autres organismes.<\/p>\t\t\t\t\t\t\t\t<\/div>\n\t\t\t\t<\/div>\n\t\t\t\t<\/div>\n\t\t<div class=\"elementor-element elementor-element-3211c58 e-con-full e-flex elementor-invisible e-con e-child\" data-id=\"3211c58\" data-element_type=\"container\" data-e-type=\"container\" data-settings=\"{&quot;animation&quot;:&quot;fadeInRight&quot;,&quot;animation_delay&quot;:800}\">\n\t\t\t\t<div class=\"elementor-element elementor-element-090d1f2 elementor-widget elementor-widget-image\" data-id=\"090d1f2\" data-element_type=\"widget\" data-e-type=\"widget\" data-widget_type=\"image.default\">\n\t\t\t\t\t\t\t\t\t\t\t\t\t\t\t<img fetchpriority=\"high\" decoding=\"async\" width=\"900\" height=\"642\" src=\"https:\/\/depotmtl.org\/wp-content\/uploads\/policies-main.jpg\" class=\"attachment-full size-full wp-image-2617\" alt=\"\" srcset=\"https:\/\/depotmtl.org\/wp-content\/uploads\/policies-main.jpg 900w, https:\/\/depotmtl.org\/wp-content\/uploads\/policies-main-300x214.jpg 300w, https:\/\/depotmtl.org\/wp-content\/uploads\/policies-main-768x548.jpg 768w\" sizes=\"(max-width: 900px) 100vw, 900px\" \/>\t\t\t\t\t\t\t\t\t\t\t\t\t\t\t<\/div>\n\t\t\t\t<\/div>\n\t\t\t\t\t<\/div>\n\t\t\t\t<\/div>\n\t\t<div class=\"elementor-element elementor-element-e7cef2e e-flex e-con-boxed e-con e-parent\" data-id=\"e7cef2e\" data-element_type=\"container\" data-e-type=\"container\" data-settings=\"{&quot;background_background&quot;:&quot;classic&quot;}\">\n\t\t\t\t\t<div class=\"e-con-inner\">\n\t\t<div class=\"elementor-element elementor-element-b290919 e-con-full e-flex e-con e-child\" data-id=\"b290919\" data-element_type=\"container\" data-e-type=\"container\">\n\t\t\t\t<div class=\"elementor-element elementor-element-d2b713f elementor-invisible elementor-widget elementor-widget-heading\" data-id=\"d2b713f\" data-element_type=\"widget\" data-e-type=\"widget\" data-settings=\"{&quot;_animation&quot;:&quot;fadeIn&quot;,&quot;_animation_delay&quot;:200}\" data-widget_type=\"heading.default\">\n\t\t\t\t\t<h2 class=\"elementor-heading-title elementor-size-default\">RAPPORTS ANNUELS<\/h2>\t\t\t\t<\/div>\n\t\t\t\t<div class=\"elementor-element elementor-element-5aed287 elementor-invisible elementor-widget elementor-widget-text-editor\" data-id=\"5aed287\" data-element_type=\"widget\" data-e-type=\"widget\" data-settings=\"{&quot;_animation&quot;:&quot;fadeIn&quot;,&quot;_animation_delay&quot;:400}\" data-widget_type=\"text-editor.default\">\n\t\t\t\t\t\t\t\t\t<p><a href=\"https:\/\/drive.google.com\/file\/d\/1HwQaFBMWq_fIDLZteDBXLbzTNRtyYmJx\/view?usp=sharing\" target=\"_blank\" rel=\"noopener\"><span style=\"font-weight: 400;\">Rapport annuel 2024<\/span><\/a><\/p><p><strong>ANN\u00c9ES PR\u00c9C\u00c9DENTES<br \/><\/strong><a href=\"https:\/\/drive.google.com\/file\/d\/1AMr8g1jovFYi8TiHUlJhKkqzTfa3S3gR\/view?usp=drive_link\" target=\"_blank\" rel=\"noopener\"><span style=\"font-weight: 400;\">Rapport annuel 2023<\/span><\/a><br \/><a href=\"https:\/\/drive.google.com\/file\/d\/1ZgeJfkOCPoCg15_gVTNzfPxgVsLwEECb\/view?usp=drive_link\" target=\"_blank\" rel=\"noopener\"><span style=\"font-weight: 400;\">Rapport annuel 2022<\/span><\/a><\/p>\t\t\t\t\t\t\t\t<\/div>\n\t\t\t\t<\/div>\n\t\t<div class=\"elementor-element elementor-element-19bb096 e-con-full e-flex e-con e-child\" data-id=\"19bb096\" data-element_type=\"container\" data-e-type=\"container\">\n\t\t\t\t<div class=\"elementor-element elementor-element-95bb4ab elementor-invisible elementor-widget elementor-widget-heading\" data-id=\"95bb4ab\" data-element_type=\"widget\" data-e-type=\"widget\" data-settings=\"{&quot;_animation&quot;:&quot;fadeIn&quot;,&quot;_animation_delay&quot;:200}\" data-widget_type=\"heading.default\">\n\t\t\t\t\t<h2 class=\"elementor-heading-title elementor-size-default\">\u00c9TATS FINANCIERS V\u00c9RIFI\u00c9S<\/h2>\t\t\t\t<\/div>\n\t\t\t\t<div class=\"elementor-element elementor-element-2168b95 elementor-invisible elementor-widget elementor-widget-text-editor\" data-id=\"2168b95\" data-element_type=\"widget\" data-e-type=\"widget\" data-settings=\"{&quot;_animation&quot;:&quot;fadeIn&quot;,&quot;_animation_delay&quot;:400}\" data-widget_type=\"text-editor.default\">\n\t\t\t\t\t\t\t\t\t<p>Notre ann\u00e9e fiscale s\u2019\u00e9tend du 1er avril au 31 mars. Nous sommes r\u00e9solument engag\u00e9s envers la transparence et l\u2019int\u00e9grit\u00e9 dans toutes nos op\u00e9rations et vous invitons \u00e0 consulter nos \u00e9tats financiers v\u00e9rifi\u00e9s ci-dessous.<br \/><a href=\"https:\/\/drive.google.com\/file\/d\/1pH-1Bb6CKTGV4Rd3k8BlgFuz5mJpqs5k\/view?usp=drive_link\" target=\"_blank\" rel=\"noopener\"><span style=\"font-weight: 400;\">\u00c9tats financiers 2024\u20132025<\/span><\/a><\/p><p><strong>ANN\u00c9ES PR\u00c9C\u00c9DENTES<br \/><\/strong><a href=\"https:\/\/drive.google.com\/file\/d\/1CLdlae85HUqXSkq80l41jkxGDpEA3ekw\/view?usp=drive_link\" target=\"_blank\" rel=\"noopener\"><span style=\"font-weight: 400;\">\u00c9tats financiers 2023\u20132024<\/span><\/a><br \/><a href=\"https:\/\/drive.google.com\/file\/d\/1yiTdG1I6bnOiFIYV0Bd_42qb8hGm4WzX\/view?usp=drive_link\" target=\"_blank\" rel=\"noopener\"><span style=\"font-weight: 400;\">\u00c9tats financiers 2022\u20132023<\/span><\/a><\/p>\t\t\t\t\t\t\t\t<\/div>\n\t\t\t\t<\/div>\n\t\t<div class=\"elementor-element elementor-element-8ae0eae e-con-full e-flex e-con e-child\" data-id=\"8ae0eae\" data-element_type=\"container\" data-e-type=\"container\">\n\t\t\t\t<div class=\"elementor-element elementor-element-76c7d6a elementor-invisible elementor-widget elementor-widget-heading\" data-id=\"76c7d6a\" data-element_type=\"widget\" data-e-type=\"widget\" data-settings=\"{&quot;_animation&quot;:&quot;fadeIn&quot;,&quot;_animation_delay&quot;:200}\" data-widget_type=\"heading.default\">\n\t\t\t\t\t<h2 class=\"elementor-heading-title elementor-size-default\">POLITIQUES<\/h2>\t\t\t\t<\/div>\n\t\t\t\t<div class=\"elementor-element elementor-element-5b0ba45 elementor-invisible elementor-widget elementor-widget-text-editor\" data-id=\"5b0ba45\" data-element_type=\"widget\" data-e-type=\"widget\" data-settings=\"{&quot;_animation&quot;:&quot;fadeIn&quot;,&quot;_animation_delay&quot;:400}\" data-widget_type=\"text-editor.default\">\n\t\t\t\t\t\t\t\t\t<p><a href=\"https:\/\/drive.google.com\/file\/d\/1mJo2HeJVniJjyyG3AtxdrSjBZQNosFMQ\/view\" target=\"_blank\" rel=\"noopener\"><span style=\"font-weight: 400;\">Politique de saine alimentation<\/span><\/a><\/p><p><a href=\"https:\/\/drive.google.com\/file\/d\/1zZxBm7_FxFAsb0POBzV5AvK9QstRNwey\/view?usp=sharing\" target=\"_blank\" rel=\"noopener\"><span style=\"font-weight: 400;\">Politique de respect<\/span><\/a><\/p><p><a href=\"https:\/\/drive.google.com\/file\/d\/1qylLmdYRyuyUzgbKC4dvouRyXXtItQRc\/view\" target=\"_blank\" rel=\"noopener\"><span style=\"font-weight: 400;\">Politique sur les mesures disciplinaires et administratives<\/span><\/a><\/p><p><a href=\"https:\/\/depotmtl.org\/fr\/politique-de-confidentialite\/\" target=\"_blank\" rel=\"noopener\"><span style=\"font-weight: 400;\">Politique de confidentialit\u00e9<\/span><\/a><\/p>\t\t\t\t\t\t\t\t<\/div>\n\t\t\t\t<\/div>\n\t\t<div class=\"elementor-element elementor-element-d320c3d e-con-full e-flex e-con e-child\" data-id=\"d320c3d\" data-element_type=\"container\" data-e-type=\"container\">\n\t\t\t\t<div class=\"elementor-element elementor-element-3d158e1 elementor-invisible elementor-widget elementor-widget-heading\" data-id=\"3d158e1\" data-element_type=\"widget\" data-e-type=\"widget\" data-settings=\"{&quot;_animation&quot;:&quot;fadeIn&quot;,&quot;_animation_delay&quot;:200}\" data-widget_type=\"heading.default\">\n\t\t\t\t\t<h2 class=\"elementor-heading-title elementor-size-default\">DOCUMENTS DE GOUVERNANCE<\/h2>\t\t\t\t<\/div>\n\t\t\t\t<div class=\"elementor-element elementor-element-826282d elementor-invisible elementor-widget elementor-widget-text-editor\" data-id=\"826282d\" data-element_type=\"widget\" data-e-type=\"widget\" data-settings=\"{&quot;_animation&quot;:&quot;fadeIn&quot;,&quot;_animation_delay&quot;:400}\" data-widget_type=\"text-editor.default\">\n\t\t\t\t\t\t\t\t\t<p><a href=\"https:\/\/drive.google.com\/file\/d\/1vSec6ZyJnHPTfE6x6RzVx_U_8M_K4Cxi\/view?usp=drive_link\" target=\"_blank\" rel=\"noopener\"><span style=\"font-weight: 400;\">R\u00e8glements g\u00e9n\u00e9raux<\/span><\/a><\/p><p><a href=\"https:\/\/drive.google.com\/file\/d\/14ngB6NUChKQ2tSuNWyQwTZl8KPpeg-Y7\/view?usp=drive_link\" target=\"_blank\" rel=\"noopener\"><span style=\"font-weight: 400;\">Cat\u00e9gories et crit\u00e8res des membres<\/span><\/a><\/p><p><a href=\"https:\/\/drive.google.com\/file\/d\/1u7Ozah65T9ff1i8XPqIhXngyex380MiW\/view?usp=sharing\" target=\"_blank\" rel=\"noopener\"><span style=\"font-weight: 400;\">Mandat du Comit\u00e9 de gouvernance<\/span><\/a><\/p><p><a href=\"https:\/\/drive.google.com\/file\/d\/1dHTJR_TpujnkPQnmDfzgT1lqNxVJBDla\/view?usp=sharing\" target=\"_blank\" rel=\"noopener\"><span style=\"font-weight: 400;\">Mandat du Comit\u00e9 des ressources humaines<\/span><\/a><\/p><p><a href=\"https:\/\/drive.google.com\/file\/d\/1WP8XkGF6xaT_rbOKkKvRmCLejtlA3pWj\/view?usp=sharing\" target=\"_blank\" rel=\"noopener\"><span style=\"font-weight: 400;\">Mandat du Comit\u00e9 des mises en candidature et des \u00e9lections<\/span><\/a><\/p><p><a href=\"https:\/\/drive.google.com\/file\/d\/15n7qd7jmNE6oo-Ykdc0lIGy80K80pdmF\/view?usp=sharing\" target=\"_blank\" rel=\"noopener\"><span style=\"font-weight: 400;\">Mandat du Comit\u00e9 de finances et de v\u00e9rification<\/span><\/a><\/p>\t\t\t\t\t\t\t\t<\/div>\n\t\t\t\t<\/div>\n\t\t\t\t\t<\/div>\n\t\t\t\t<\/div>\n\t\t<div class=\"elementor-element elementor-element-7d27644 e-flex e-con-boxed e-con e-parent\" data-id=\"7d27644\" data-element_type=\"container\" data-e-type=\"container\">\n\t\t\t\t\t<div class=\"e-con-inner\">\n\t\t\t\t<div class=\"elementor-element elementor-element-2df88d3 elementor-widget elementor-widget-html\" data-id=\"2df88d3\" data-element_type=\"widget\" data-e-type=\"widget\" data-widget_type=\"html.default\">\n\t\t\t\t\t<script type=\"application\/ld+json\">\n{\n  \"@context\": \"https:\/\/schema.org\",\n  \"@graph\": [\n    {\n      \"@type\": \"CollectionPage\",\n      \"url\": \"https:\/\/depotmtl.org\/fr\/politiques-et-rapports\/\",\n      \"name\": \"Politiques et rapports\",\n      \"publisher\": {\n        \"@type\": \"Organization\",\n        \"name\": \"Le D\u00e9p\u00f4t\"\n      }\n    },\n    {\n      \"@type\": \"BreadcrumbList\",\n      \"itemListElement\": [\n        {\n          \"@type\": \"ListItem\",\n          \"position\": 1,\n          \"name\": \"Accueil\",\n          \"item\": \"https:\/\/depotmtl.org\/fr\/\"\n        },\n        {\n          \"@type\": \"ListItem\",\n          \"position\": 2,\n          \"name\": \"Politiques et rapports\",\n          \"item\": \"https:\/\/depotmtl.org\/fr\/politiques-et-rapports\/\"\n        }\n      ]\n    }\n  ]\n}\n<\/script>\t\t\t\t<\/div>\n\t\t\t\t\t<\/div>\n\t\t\t\t<\/div>\n\t\t\t\t<\/div>\n\t\t","protected":false},"excerpt":{"rendered":"<p>Politiques et rapports Accueil \/ \u00c0 propos de nous \/ Politiques et rapports La transparence et la responsabilit\u00e9 sont au c\u0153ur de notre fa\u00e7on de travailler. En partageant nos r\u00e8glements, politiques, rapports annuels et \u00e9tats financiers, nous assurons une ouverture envers notre communaut\u00e9 et nos partenaires, tout en offrant des outils qui pourraient inspirer et [&hellip;]<\/p>\n","protected":false},"author":3,"featured_media":3973,"parent":0,"menu_order":0,"comment_status":"closed","ping_status":"closed","template":"","meta":{"footnotes":""},"class_list":["post-2616","page","type-page","status-publish","has-post-thumbnail","hentry"],"aioseo_notices":[],"_links":{"self":[{"href":"https:\/\/depotmtl.org\/fr\/wp-json\/wp\/v2\/pages\/2616","targetHints":{"allow":["GET"]}}],"collection":[{"href":"https:\/\/depotmtl.org\/fr\/wp-json\/wp\/v2\/pages"}],"about":[{"href":"https:\/\/depotmtl.org\/fr\/wp-json\/wp\/v2\/types\/page"}],"author":[{"embeddable":true,"href":"https:\/\/depotmtl.org\/fr\/wp-json\/wp\/v2\/users\/3"}],"replies":[{"embeddable":true,"href":"https:\/\/depotmtl.org\/fr\/wp-json\/wp\/v2\/comments?post=2616"}],"version-history":[{"count":38,"href":"https:\/\/depotmtl.org\/fr\/wp-json\/wp\/v2\/pages\/2616\/revisions"}],"predecessor-version":[{"id":4215,"href":"https:\/\/depotmtl.org\/fr\/wp-json\/wp\/v2\/pages\/2616\/revisions\/4215"}],"wp:featuredmedia":[{"embeddable":true,"href":"https:\/\/depotmtl.org\/fr\/wp-json\/wp\/v2\/media\/3973"}],"wp:attachment":[{"href":"https:\/\/depotmtl.org\/fr\/wp-json\/wp\/v2\/media?parent=2616"}],"curies":[{"name":"wp","href":"https:\/\/api.w.org\/{rel}","templated":true}]}}