{"id":2753,"date":"2025-12-01T04:33:17","date_gmt":"2025-12-01T04:33:17","guid":{"rendered":"https:\/\/depot.phil-lab.ca\/contact\/"},"modified":"2026-04-15T19:02:34","modified_gmt":"2026-04-15T19:02:34","slug":"contactes","status":"publish","type":"page","link":"https:\/\/depotmtl.org\/fr\/contactes\/","title":{"rendered":"Nous joindre"},"content":{"rendered":"\t\t<div data-elementor-type=\"wp-post\" data-elementor-id=\"2753\" class=\"elementor elementor-2753 elementor-1133\" data-elementor-post-type=\"page\">\n\t\t\t\t<div class=\"elementor-element elementor-element-db8f925 e-flex e-con-boxed e-con e-parent\" data-id=\"db8f925\" data-element_type=\"container\" data-e-type=\"container\">\n\t\t\t\t\t<div class=\"e-con-inner\">\n\t\t<div class=\"elementor-element elementor-element-ab55621 e-con-full e-flex e-con e-child\" data-id=\"ab55621\" data-element_type=\"container\" data-e-type=\"container\" data-settings=\"{&quot;background_background&quot;:&quot;classic&quot;}\">\n\t\t\t\t<div class=\"elementor-element elementor-element-6f1274b elementor-invisible elementor-widget elementor-widget-heading\" data-id=\"6f1274b\" data-element_type=\"widget\" data-e-type=\"widget\" data-settings=\"{&quot;_animation&quot;:&quot;fadeIn&quot;,&quot;_animation_delay&quot;:200}\" data-widget_type=\"heading.default\">\n\t\t\t\t\t<h2 class=\"elementor-heading-title elementor-size-default\">Nous joindre<\/h2>\t\t\t\t<\/div>\n\t\t\t\t<div class=\"elementor-element elementor-element-e5d4207 elementor-invisible elementor-widget elementor-widget-text-editor\" data-id=\"e5d4207\" data-element_type=\"widget\" data-e-type=\"widget\" data-settings=\"{&quot;_animation&quot;:&quot;fadeIn&quot;,&quot;_animation_delay&quot;:300}\" data-widget_type=\"text-editor.default\">\n\t\t\t\t\t\t\t\t\t<a style=\"color: #ffffff; text-decoration: underline;\" href=\"\/fr\">Accueil<\/a> \/ Nous joindre\t\t\t\t\t\t\t\t<\/div>\n\t\t\t\t<\/div>\n\t\t\t\t\t<\/div>\n\t\t\t\t<\/div>\n\t\t<div class=\"elementor-element elementor-element-f6244be e-flex e-con-boxed e-con e-parent\" data-id=\"f6244be\" data-element_type=\"container\" data-e-type=\"container\">\n\t\t\t\t\t<div class=\"e-con-inner\">\n\t\t<div class=\"elementor-element elementor-element-436aed3 e-con-full e-flex e-con e-child\" data-id=\"436aed3\" data-element_type=\"container\" data-e-type=\"container\">\n\t\t<div class=\"elementor-element elementor-element-ffa63c9 e-con-full e-flex elementor-invisible e-con e-child\" data-id=\"ffa63c9\" data-element_type=\"container\" data-e-type=\"container\" data-settings=\"{&quot;animation&quot;:&quot;fadeIn&quot;,&quot;animation_delay&quot;:200}\">\n\t\t\t\t<div class=\"elementor-element elementor-element-abfa822 elementor-widget elementor-widget-heading\" data-id=\"abfa822\" data-element_type=\"widget\" data-e-type=\"widget\" data-widget_type=\"heading.default\">\n\t\t\t\t\t<h2 class=\"elementor-heading-title elementor-size-default\">COMMENT NOUS REJOINDRE<\/h2>\t\t\t\t<\/div>\n\t\t\t\t<div class=\"elementor-element elementor-element-60f8dc1 elementor-icon-list--layout-traditional elementor-list-item-link-full_width elementor-widget elementor-widget-icon-list\" data-id=\"60f8dc1\" data-element_type=\"widget\" data-e-type=\"widget\" data-widget_type=\"icon-list.default\">\n\t\t\t\t\t\t\t<ul class=\"elementor-icon-list-items\">\n\t\t\t\t\t\t\t<li class=\"elementor-icon-list-item\">\n\t\t\t\t\t\t\t\t\t\t\t<span class=\"elementor-icon-list-icon\">\n\t\t\t\t\t\t\t<svg xmlns=\"http:\/\/www.w3.org\/2000\/svg\" width=\"24\" height=\"24\" viewBox=\"0 0 24 24\" fill=\"none\"><path d=\"M4.78279 7.38018C4.45135 5.29231 5.99052 3.41688 8.34179 2.72978C8.75905 2.60858 9.20888 2.6437 9.60007 2.828C9.99126 3.0123 10.2945 3.332 10.4484 3.72226L11.2032 5.64748C11.3247 5.9572 11.3467 6.29458 11.2663 6.61633C11.1859 6.93807 11.0068 7.2295 10.7521 7.45321L8.50664 9.41992C8.39582 9.51697 8.31324 9.63988 8.26701 9.77662C8.22077 9.91336 8.21246 10.0592 8.24288 10.2L8.2637 10.2863L8.31749 10.502C8.59744 11.5501 9.02289 12.5577 9.58249 13.4977C10.1935 14.4959 10.9508 15.4052 11.8314 16.198L11.9008 16.2578C12.0129 16.3529 12.1489 16.4187 12.2954 16.4487C12.442 16.4786 12.5942 16.4718 12.7372 16.4287L15.6403 15.5541C15.9702 15.455 16.3235 15.4525 16.655 15.5468C16.9864 15.6411 17.2808 15.828 17.5004 16.0835L18.8748 17.6785C19.4474 18.3423 19.378 19.3182 18.7203 19.9041C16.9209 21.509 14.4464 21.8376 12.725 20.5148C10.6141 18.8878 8.83521 16.9023 7.47763 14.6579C6.10677 12.4164 5.19354 9.94706 4.78279 7.38018ZM10.0614 10.3095L11.9216 8.67639C12.4315 8.22917 12.79 7.6464 12.9511 7.0029C13.1122 6.35939 13.0685 5.68453 12.8257 5.06494L12.0726 3.13971C11.7636 2.35431 11.1537 1.71084 10.3666 1.34C9.57957 0.969164 8.67444 0.898773 7.83509 1.14313C4.91467 1.99786 2.57034 4.50231 3.06662 7.63079C3.41367 9.81492 4.21362 12.5932 5.97838 15.4943C7.44312 17.9143 9.36202 20.0552 11.6388 21.8094C14.2208 23.7927 17.667 23.1156 19.9055 21.1206C20.546 20.5502 20.9348 19.7676 20.9925 18.9323C21.0502 18.0971 20.7725 17.2723 20.2161 16.6262L18.8418 15.0296C18.4021 14.5192 17.8131 14.1461 17.1503 13.958C16.4874 13.77 15.7809 13.7755 15.1214 13.9741L12.7112 14.6993C12.0888 14.0857 11.5437 13.4045 11.087 12.6696C10.6462 11.9264 10.3024 11.1344 10.0632 10.3112\" fill=\"#D66954\"><\/path><\/svg>\t\t\t\t\t\t<\/span>\n\t\t\t\t\t\t\t\t\t\t<span class=\"elementor-icon-list-text\"><b>Appelez-nous :<\/b> 514-483-4680<\/span>\n\t\t\t\t\t\t\t\t\t<\/li>\n\t\t\t\t\t\t\t\t<li class=\"elementor-icon-list-item\">\n\t\t\t\t\t\t\t\t\t\t\t<a href=\"mailto:info@depotmtl.org\">\n\n\t\t\t\t\t\t\t\t\t\t\t\t<span class=\"elementor-icon-list-icon\">\n\t\t\t\t\t\t\t<svg xmlns=\"http:\/\/www.w3.org\/2000\/svg\" width=\"24\" height=\"24\" viewBox=\"0 0 24 24\" fill=\"none\"><path d=\"M4 6L10.108 10.612L10.11 10.614C10.788 11.111 11.127 11.36 11.499 11.456C11.8276 11.541 12.1724 11.541 12.501 11.456C12.873 11.36 13.213 11.111 13.893 10.612C13.893 10.612 17.81 7.606 20 6M3 15.8V8.2C3 7.08 3 6.52 3.218 6.092C3.41 5.715 3.715 5.41 4.092 5.218C4.52 5 5.08 5 6.2 5H17.8C18.92 5 19.48 5 19.907 5.218C20.284 5.41 20.59 5.715 20.782 6.092C21 6.519 21 7.079 21 8.197V15.804C21 16.922 21 17.48 20.782 17.908C20.59 18.2845 20.2837 18.5904 19.907 18.782C19.48 19 18.921 19 17.803 19H6.197C5.079 19 4.519 19 4.092 18.782C3.71569 18.5903 3.40974 18.2843 3.218 17.908C3 17.48 3 16.92 3 15.8Z\" stroke=\"#D66954\" stroke-width=\"2\" stroke-linecap=\"round\" stroke-linejoin=\"round\"><\/path><\/svg>\t\t\t\t\t\t<\/span>\n\t\t\t\t\t\t\t\t\t\t<span class=\"elementor-icon-list-text\"><b>\u00c9crivez-nous :<\/b> <u>info@depotmtl.org<\/u><\/span>\n\t\t\t\t\t\t\t\t\t\t\t<\/a>\n\t\t\t\t\t\t\t\t\t<\/li>\n\t\t\t\t\t\t<\/ul>\n\t\t\t\t\t\t<\/div>\n\t\t\t\t<\/div>\n\t\t<div class=\"elementor-element elementor-element-383bed9 e-con-full e-flex elementor-invisible e-con e-child\" data-id=\"383bed9\" data-element_type=\"container\" data-e-type=\"container\" data-settings=\"{&quot;animation&quot;:&quot;fadeIn&quot;,&quot;animation_delay&quot;:200}\">\n\t\t\t\t<div class=\"elementor-element elementor-element-fcc8973 elementor-widget elementor-widget-heading\" data-id=\"fcc8973\" data-element_type=\"widget\" data-e-type=\"widget\" data-widget_type=\"heading.default\">\n\t\t\t\t\t<h2 class=\"elementor-heading-title elementor-size-default\">O\u00f9 nous retrouver<\/h2>\t\t\t\t<\/div>\n\t\t\t\t<div class=\"elementor-element elementor-element-aa70ecd elementor-icon-list--layout-traditional elementor-list-item-link-full_width elementor-widget elementor-widget-icon-list\" data-id=\"aa70ecd\" data-element_type=\"widget\" data-e-type=\"widget\" data-widget_type=\"icon-list.default\">\n\t\t\t\t\t\t\t<ul class=\"elementor-icon-list-items\">\n\t\t\t\t\t\t\t<li class=\"elementor-icon-list-item\">\n\t\t\t\t\t\t\t\t\t\t\t<span class=\"elementor-icon-list-icon\">\n\t\t\t\t\t\t\t<svg xmlns=\"http:\/\/www.w3.org\/2000\/svg\" width=\"24\" height=\"24\" viewBox=\"0 0 24 24\" fill=\"none\"><path d=\"M12 1C14.3869 1 16.6761 1.94821 18.364 3.63604C20.0518 5.32387 21 7.61305 21 10C21 13.726 18.16 17.63 12.6 21.8C12.4269 21.9298 12.2164 22 12 22C11.7836 22 11.5731 21.9298 11.4 21.8C5.84 17.63 3 13.726 3 10C3 7.61305 3.94821 5.32387 5.63604 3.63604C7.32387 1.94821 9.61305 1 12 1ZM12 3C10.1435 3 8.36301 3.7375 7.05025 5.05025C5.7375 6.36301 5 8.14348 5 10C5 12.71 7.118 15.836 11.448 19.306L12 19.742L12.552 19.306C16.882 15.836 19 12.71 19 10C19 8.14348 18.2625 6.36301 16.9497 5.05025C15.637 3.7375 13.8565 3 12 3ZM12 8C12.5304 8 13.0391 8.21071 13.4142 8.58579C13.7893 8.96086 14 9.46957 14 10C14 10.5304 13.7893 11.0391 13.4142 11.4142C13.0391 11.7893 12.5304 12 12 12C11.4696 12 10.9609 11.7893 10.5858 11.4142C10.2107 11.0391 10 10.5304 10 10C10 9.46957 10.2107 8.96086 10.5858 8.58579C10.9609 8.21071 11.4696 8 12 8Z\" fill=\"#D66954\"><\/path><\/svg>\t\t\t\t\t\t<\/span>\n\t\t\t\t\t\t\t\t\t\t<span class=\"elementor-icon-list-text\"><b>Notre bureau :<\/b> 6505, avenue Somerled, coin Cavendish<\/span>\n\t\t\t\t\t\t\t\t\t<\/li>\n\t\t\t\t\t\t\t\t<li class=\"elementor-icon-list-item\">\n\t\t\t\t\t\t\t\t\t\t\t<span class=\"elementor-icon-list-icon\">\n\t\t\t\t\t\t\t<svg xmlns=\"http:\/\/www.w3.org\/2000\/svg\" width=\"24\" height=\"24\" viewBox=\"0 0 24 24\" fill=\"none\"><path d=\"M12 1C14.3869 1 16.6761 1.94821 18.364 3.63604C20.0518 5.32387 21 7.61305 21 10C21 13.726 18.16 17.63 12.6 21.8C12.4269 21.9298 12.2164 22 12 22C11.7836 22 11.5731 21.9298 11.4 21.8C5.84 17.63 3 13.726 3 10C3 7.61305 3.94821 5.32387 5.63604 3.63604C7.32387 1.94821 9.61305 1 12 1ZM12 3C10.1435 3 8.36301 3.7375 7.05025 5.05025C5.7375 6.36301 5 8.14348 5 10C5 12.71 7.118 15.836 11.448 19.306L12 19.742L12.552 19.306C16.882 15.836 19 12.71 19 10C19 8.14348 18.2625 6.36301 16.9497 5.05025C15.637 3.7375 13.8565 3 12 3ZM12 8C12.5304 8 13.0391 8.21071 13.4142 8.58579C13.7893 8.96086 14 9.46957 14 10C14 10.5304 13.7893 11.0391 13.4142 11.4142C13.0391 11.7893 12.5304 12 12 12C11.4696 12 10.9609 11.7893 10.5858 11.4142C10.2107 11.0391 10 10.5304 10 10C10 9.46957 10.2107 8.96086 10.5858 8.58579C10.9609 8.21071 11.4696 8 12 8Z\" fill=\"#D66954\"><\/path><\/svg>\t\t\t\t\t\t<\/span>\n\t\t\t\t\t\t\t\t\t\t<span class=\"elementor-icon-list-text\"><b>Notre espace de programmation :<\/b> 6450, avenue Somerled, coin Bessborough<\/span>\n\t\t\t\t\t\t\t\t\t<\/li>\n\t\t\t\t\t\t<\/ul>\n\t\t\t\t\t\t<\/div>\n\t\t\t\t<\/div>\n\t\t<div class=\"elementor-element elementor-element-d093b10 e-con-full e-flex elementor-invisible e-con e-child\" data-id=\"d093b10\" data-element_type=\"container\" data-e-type=\"container\" data-settings=\"{&quot;animation&quot;:&quot;fadeIn&quot;,&quot;animation_delay&quot;:200}\">\n\t\t\t\t<div class=\"elementor-element elementor-element-689c662 elementor-widget elementor-widget-heading\" data-id=\"689c662\" data-element_type=\"widget\" data-e-type=\"widget\" data-widget_type=\"heading.default\">\n\t\t\t\t\t<h2 class=\"elementor-heading-title elementor-size-default\">Vous souhaitez rester inform\u00e9\u00b7e des derni\u00e8res nouvelles du D\u00e9p\u00f4t ?<\/h2>\t\t\t\t<\/div>\n\t\t\t\t<div class=\"elementor-element elementor-element-7b362d8 elementor-widget elementor-widget-text-editor\" data-id=\"7b362d8\" data-element_type=\"widget\" data-e-type=\"widget\" data-widget_type=\"text-editor.default\">\n\t\t\t\t\t\t\t\t\t<p>Nos infolettres vous tiennent inform\u00e9\u00b7e\u00b7s des prochains \u00e9v\u00e9nements, ateliers, anecdotes communautaires et occasions de participation \u00e0 la vie communautaire.<br \/><br \/>Inscrivez-vous pour tisser des liens, apprendre et renforcer notre communaut\u00e9 !<\/p>\t\t\t\t\t\t\t\t<\/div>\n\t\t\t\t<\/div>\n\t\t<div class=\"elementor-element elementor-element-841737c e-con-full e-flex elementor-invisible e-con e-child\" data-id=\"841737c\" data-element_type=\"container\" data-e-type=\"container\" data-settings=\"{&quot;animation&quot;:&quot;fadeIn&quot;,&quot;animation_delay&quot;:200}\">\n\t\t\t\t<div class=\"elementor-element elementor-element-31e3e32 elementor-mobile-align-justify elementor-widget-mobile__width-inherit elementor-tablet-align-justify elementor-invisible elementor-widget elementor-widget-button\" data-id=\"31e3e32\" data-element_type=\"widget\" data-e-type=\"widget\" data-settings=\"{&quot;_animation&quot;:&quot;fadeIn&quot;,&quot;_animation_delay&quot;:600}\" data-widget_type=\"button.default\">\n\t\t\t\t\t\t\t\t\t\t<a class=\"elementor-button elementor-button-link elementor-size-sm\" href=\"\/fr\/nouvelles-et-medias\/#newsletter\">\n\t\t\t\t\t\t<span class=\"elementor-button-content-wrapper\">\n\t\t\t\t\t\t\t\t\t<span class=\"elementor-button-text\">Abonnez-vous \u00e0 l'infolettre<\/span>\n\t\t\t\t\t<\/span>\n\t\t\t\t\t<\/a>\n\t\t\t\t\t\t\t\t<\/div>\n\t\t\t\t<div class=\"elementor-element elementor-element-574c4f1 elementor-widget elementor-widget-spacer\" data-id=\"574c4f1\" data-element_type=\"widget\" data-e-type=\"widget\" data-widget_type=\"spacer.default\">\n\t\t\t\t\t\t\t<div class=\"elementor-spacer\">\n\t\t\t<div class=\"elementor-spacer-inner\"><\/div>\n\t\t<\/div>\n\t\t\t\t\t\t<\/div>\n\t\t\t\t<div class=\"elementor-element elementor-element-02ebda1 elementor-widget elementor-widget-heading\" data-id=\"02ebda1\" data-element_type=\"widget\" data-e-type=\"widget\" data-widget_type=\"heading.default\">\n\t\t\t\t\t<h2 class=\"elementor-heading-title elementor-size-default\">Participez-vous aux programmes du D\u00e9p\u00f4t ? Vos commentaires sont toujours les bienvenus.<\/h2>\t\t\t\t<\/div>\n\t\t\t\t<div class=\"elementor-element elementor-element-87e6887 elementor-mobile-align-justify elementor-widget-mobile__width-inherit elementor-tablet-align-justify elementor-invisible elementor-widget elementor-widget-button\" data-id=\"87e6887\" data-element_type=\"widget\" data-e-type=\"widget\" data-settings=\"{&quot;_animation&quot;:&quot;fadeIn&quot;,&quot;_animation_delay&quot;:600}\" data-widget_type=\"button.default\">\n\t\t\t\t\t\t\t\t\t\t<a class=\"elementor-button elementor-button-link elementor-size-sm\" href=\"https:\/\/www.jotform.com\/build\/241275084760255\">\n\t\t\t\t\t\t<span class=\"elementor-button-content-wrapper\">\n\t\t\t\t\t\t\t\t\t<span class=\"elementor-button-text\">Partagez ici<\/span>\n\t\t\t\t\t<\/span>\n\t\t\t\t\t<\/a>\n\t\t\t\t\t\t\t\t<\/div>\n\t\t\t\t<\/div>\n\t\t\t\t<\/div>\n\t\t<div class=\"elementor-element elementor-element-51d651a e-con-full e-flex elementor-invisible e-con e-child\" data-id=\"51d651a\" data-element_type=\"container\" data-e-type=\"container\" data-settings=\"{&quot;animation&quot;:&quot;fadeIn&quot;,&quot;animation_delay&quot;:600}\">\n\t\t\t\t<div class=\"elementor-element elementor-element-6e0cd63 elementor-widget elementor-widget-html\" data-id=\"6e0cd63\" data-element_type=\"widget\" data-e-type=\"widget\" data-widget_type=\"html.default\">\n\t\t\t\t\t<iframe\n      id=\"JotFormIFrame-260188908013255\"\n      title=\"Website - Contact Form - FR\"\n      onload=\"window.parent.scrollTo(0,0)\"\n      allowtransparency=\"true\"\n      allow=\"geolocation; microphone; camera; fullscreen; payment\"\n      src=\"https:\/\/form.jotform.com\/260188908013255\"\n      frameborder=\"0\"\n      style=\"min-width:100%;max-width:100%;height:539px;border:none;\"\n      scrolling=\"no\"\n    >\n    <\/iframe>\n    <script src='https:\/\/cdn.jotfor.ms\/s\/umd\/latest\/for-form-embed-handler.js'><\/script>\n    <script>window.jotformEmbedHandler(\"iframe[id='JotFormIFrame-260188908013255']\", \"https:\/\/form.jotform.com\/\")<\/script>\n    \t\t\t\t<\/div>\n\t\t\t\t<\/div>\n\t\t\t\t\t<\/div>\n\t\t\t\t<\/div>\n\t\t<div class=\"elementor-element elementor-element-fdbed7d e-flex e-con-boxed e-con e-parent\" data-id=\"fdbed7d\" data-element_type=\"container\" data-e-type=\"container\" id=\"hours\" data-settings=\"{&quot;background_background&quot;:&quot;classic&quot;}\">\n\t\t\t\t\t<div class=\"e-con-inner\">\n\t\t<div class=\"elementor-element elementor-element-3337b13 e-con-full e-flex e-con e-child\" data-id=\"3337b13\" data-element_type=\"container\" data-e-type=\"container\">\n\t\t\t\t<div class=\"elementor-element elementor-element-4749f91 elementor-invisible elementor-widget elementor-widget-heading\" data-id=\"4749f91\" data-element_type=\"widget\" data-e-type=\"widget\" data-settings=\"{&quot;_animation&quot;:&quot;fadeIn&quot;,&quot;_animation_delay&quot;:200}\" data-widget_type=\"heading.default\">\n\t\t\t\t\t<h2 class=\"elementor-heading-title elementor-size-default\">Heures d\u2019ouverture<\/h2>\t\t\t\t<\/div>\n\t\t\t\t<\/div>\n\t\t<div class=\"elementor-element elementor-element-1069b0c e-con-full e-flex e-con e-child\" data-id=\"1069b0c\" data-element_type=\"container\" data-e-type=\"container\">\n\t\t<div class=\"elementor-element elementor-element-559c83b e-con-full e-flex elementor-invisible e-con e-child\" data-id=\"559c83b\" data-element_type=\"container\" data-e-type=\"container\" data-settings=\"{&quot;animation&quot;:&quot;fadeIn&quot;,&quot;animation_delay&quot;:400}\">\n\t\t\t\t<div class=\"elementor-element elementor-element-e8665ea elementor-widget elementor-widget-heading\" data-id=\"e8665ea\" data-element_type=\"widget\" data-e-type=\"widget\" data-widget_type=\"heading.default\">\n\t\t\t\t\t<h2 class=\"elementor-heading-title elementor-size-default\">Heures g\u00e9n\u00e9rales du bureau<\/h2>\t\t\t\t<\/div>\n\t\t\t\t<div class=\"elementor-element elementor-element-fa76818 elementor-invisible elementor-widget elementor-widget-text-editor\" data-id=\"fa76818\" data-element_type=\"widget\" data-e-type=\"widget\" data-settings=\"{&quot;_animation&quot;:&quot;fadeIn&quot;,&quot;_animation_delay&quot;:400}\" data-widget_type=\"text-editor.default\">\n\t\t\t\t\t\t\t\t\t<p><strong>Lundi :<\/strong> 9h30 \u00e0 16h30<br \/><strong>Mardi :<\/strong> 9h30 \u00e0 16h30<br \/><strong>Mercredi :<\/strong> 9h30 \u00e0 16h30<br \/><strong>Jeudi :<\/strong> 9h30 \u00e0 16h30<br \/><strong>Vendredi :<\/strong> 9h30 \u00e0 16h30<\/p><p>Pour conna\u00eetre les heures \u00e0 jour (incluant les jours f\u00e9ri\u00e9s et les fermetures exceptionnelles), veuillez consulter notre fiche Google :<\/p>\t\t\t\t\t\t\t\t<\/div>\n\t\t\t\t<div class=\"elementor-element elementor-element-3273a9b elementor-widget elementor-widget-button\" data-id=\"3273a9b\" data-element_type=\"widget\" data-e-type=\"widget\" data-widget_type=\"button.default\">\n\t\t\t\t\t\t\t\t\t\t<a class=\"elementor-button elementor-button-link elementor-size-sm\" href=\"https:\/\/share.google\/gmFs3YzpaEHffKQhA\" target=\"_blank\">\n\t\t\t\t\t\t<span class=\"elementor-button-content-wrapper\">\n\t\t\t\t\t\t\t\t\t<span class=\"elementor-button-text\">Voir les heures \u00e0 jour sur Google<\/span>\n\t\t\t\t\t<\/span>\n\t\t\t\t\t<\/a>\n\t\t\t\t\t\t\t\t<\/div>\n\t\t\t\t<\/div>\n\t\t<div class=\"elementor-element elementor-element-7fc871a e-con-full e-flex elementor-invisible e-con e-child\" data-id=\"7fc871a\" data-element_type=\"container\" data-e-type=\"container\" data-settings=\"{&quot;animation&quot;:&quot;fadeIn&quot;,&quot;animation_delay&quot;:600}\">\n\t\t\t\t<div class=\"elementor-element elementor-element-f35ce5d elementor-widget elementor-widget-heading\" data-id=\"f35ce5d\" data-element_type=\"widget\" data-e-type=\"widget\" data-widget_type=\"heading.default\">\n\t\t\t\t\t<h2 class=\"elementor-heading-title elementor-size-default\">Heures de la banque alimentaire - uniquement sur rendez-vous <\/h2>\t\t\t\t<\/div>\n\t\t\t\t<div class=\"elementor-element elementor-element-1031ad3 elementor-invisible elementor-widget elementor-widget-text-editor\" data-id=\"1031ad3\" data-element_type=\"widget\" data-e-type=\"widget\" data-settings=\"{&quot;_animation&quot;:&quot;fadeIn&quot;,&quot;_animation_delay&quot;:400}\" data-widget_type=\"text-editor.default\">\n\t\t\t\t\t\t\t\t\t<p><strong>Mardi :<\/strong> 14h00 \u00e0 18h45<br \/><strong>Mercredi :<\/strong> 10h00 \u00e0 17h45<br \/><strong>Jeudi :<\/strong> 10h00 \u00e0 15h00<br \/><strong>Vendredi :<\/strong> 10h00 \u00e0 15h00<\/p><p>*Veuillez noter que nous servons uniquement les participants r\u00e9sidant dans notre zone de desserte. Pour trouver une banque alimentaire desservant votre r\u00e9gion, utilisez l&rsquo;outil de localisation <a href=\"https:\/\/www.211qc.ca\/\" target=\"_blank\" rel=\"noopener\"><span style=\"text-decoration: underline;\">211<\/span><\/a> en ligne ou appelez le 211.<\/p><p>Pour conna\u00eetre les heures \u00e0 jour (incluant les jours f\u00e9ri\u00e9s et les fermetures exceptionnelles), veuillez consulter notre fiche Google :<\/p>\t\t\t\t\t\t\t\t<\/div>\n\t\t\t\t<div class=\"elementor-element elementor-element-00bf044 elementor-widget elementor-widget-button\" data-id=\"00bf044\" data-element_type=\"widget\" data-e-type=\"widget\" data-widget_type=\"button.default\">\n\t\t\t\t\t\t\t\t\t\t<a class=\"elementor-button elementor-button-link elementor-size-sm\" href=\"https:\/\/share.google\/oklrBbh4yFOyxlZSo\" target=\"_blank\">\n\t\t\t\t\t\t<span class=\"elementor-button-content-wrapper\">\n\t\t\t\t\t\t\t\t\t<span class=\"elementor-button-text\">Voir les heures \u00e0 jour sur Google<\/span>\n\t\t\t\t\t<\/span>\n\t\t\t\t\t<\/a>\n\t\t\t\t\t\t\t\t<\/div>\n\t\t\t\t<\/div>\n\t\t<div class=\"elementor-element elementor-element-cbb0bf4 e-con-full e-flex elementor-invisible e-con e-child\" data-id=\"cbb0bf4\" data-element_type=\"container\" data-e-type=\"container\" data-settings=\"{&quot;animation&quot;:&quot;fadeIn&quot;,&quot;animation_delay&quot;:800}\">\n\t\t\t\t<div class=\"elementor-element elementor-element-f5cd3c2 elementor-widget elementor-widget-heading\" data-id=\"f5cd3c2\" data-element_type=\"widget\" data-e-type=\"widget\" data-widget_type=\"heading.default\">\n\t\t\t\t\t<h2 class=\"elementor-heading-title elementor-size-default\">Heures du Resto D\u00e9p\u00f4t<\/h2>\t\t\t\t<\/div>\n\t\t\t\t<div class=\"elementor-element elementor-element-8accc16 elementor-invisible elementor-widget elementor-widget-text-editor\" data-id=\"8accc16\" data-element_type=\"widget\" data-e-type=\"widget\" data-settings=\"{&quot;_animation&quot;:&quot;fadeIn&quot;,&quot;_animation_delay&quot;:400}\" data-widget_type=\"text-editor.default\">\n\t\t\t\t\t\t\t\t\t<p><strong>Mardi :<\/strong> 14h30 \u00e0 18h45<br \/><strong>Jeudi :<\/strong> 10h30 \u00e0 14h15<\/p>\t\t\t\t\t\t\t\t<\/div>\n\t\t\t\t<\/div>\n\t\t\t\t<\/div>\n\t\t\t\t\t<\/div>\n\t\t\t\t<\/div>\n\t\t<div class=\"elementor-element elementor-element-66db27d e-flex e-con-boxed e-con e-parent\" data-id=\"66db27d\" data-element_type=\"container\" data-e-type=\"container\">\n\t\t\t\t\t<div class=\"e-con-inner\">\n\t\t\t\t<div class=\"elementor-element elementor-element-e3df9c9 elementor-widget elementor-widget-html\" data-id=\"e3df9c9\" data-element_type=\"widget\" data-e-type=\"widget\" data-widget_type=\"html.default\">\n\t\t\t\t\t<script type=\"application\/ld+json\">\n{\n  \"@context\": \"https:\/\/schema.org\",\n  \"@graph\": [\n    {\n      \"@type\": \"ContactPage\",\n      \"url\": \"https:\/\/depotmtl.org\/fr\/contactes\/\",\n      \"name\": \"Contact\",\n      \"publisher\": {\n        \"@type\": \"NGO\",\n        \"name\": \"Le D\u00e9p\u00f4t\",\n        \"telephone\": \"+1-514-483-4680\",\n        \"email\": \"info@depotmtl.org\"\n      }\n    },\n    {\n      \"@type\": \"BreadcrumbList\",\n      \"itemListElement\": [\n        {\n          \"@type\": \"ListItem\",\n          \"position\": 1,\n          \"name\": \"Accueil\",\n          \"item\": \"https:\/\/depotmtl.org\/fr\/\"\n        },\n        {\n          \"@type\": \"ListItem\",\n          \"position\": 2,\n          \"name\": \"Contact\",\n          \"item\": \"https:\/\/depotmtl.org\/fr\/contactes\/\"\n        }\n      ]\n    }\n  ]\n}\n<\/script>\t\t\t\t<\/div>\n\t\t\t\t\t<\/div>\n\t\t\t\t<\/div>\n\t\t\t\t<\/div>\n\t\t","protected":false},"excerpt":{"rendered":"<p>Nous joindre Accueil \/ Nous joindre COMMENT NOUS REJOINDRE Appelez-nous : 514-483-4680 \u00c9crivez-nous : info@depotmtl.org O\u00f9 nous retrouver Notre bureau : 6505, avenue Somerled, coin Cavendish Notre espace de programmation : 6450, avenue Somerled, coin Bessborough Vous souhaitez rester inform\u00e9\u00b7e des derni\u00e8res nouvelles du D\u00e9p\u00f4t ? Nos infolettres vous tiennent inform\u00e9\u00b7e\u00b7s des prochains \u00e9v\u00e9nements, ateliers, [&hellip;]<\/p>\n","protected":false},"author":3,"featured_media":2540,"parent":0,"menu_order":0,"comment_status":"closed","ping_status":"closed","template":"","meta":{"footnotes":""},"class_list":["post-2753","page","type-page","status-publish","has-post-thumbnail","hentry"],"aioseo_notices":[],"_links":{"self":[{"href":"https:\/\/depotmtl.org\/fr\/wp-json\/wp\/v2\/pages\/2753","targetHints":{"allow":["GET"]}}],"collection":[{"href":"https:\/\/depotmtl.org\/fr\/wp-json\/wp\/v2\/pages"}],"about":[{"href":"https:\/\/depotmtl.org\/fr\/wp-json\/wp\/v2\/types\/page"}],"author":[{"embeddable":true,"href":"https:\/\/depotmtl.org\/fr\/wp-json\/wp\/v2\/users\/3"}],"replies":[{"embeddable":true,"href":"https:\/\/depotmtl.org\/fr\/wp-json\/wp\/v2\/comments?post=2753"}],"version-history":[{"count":43,"href":"https:\/\/depotmtl.org\/fr\/wp-json\/wp\/v2\/pages\/2753\/revisions"}],"predecessor-version":[{"id":5049,"href":"https:\/\/depotmtl.org\/fr\/wp-json\/wp\/v2\/pages\/2753\/revisions\/5049"}],"wp:featuredmedia":[{"embeddable":true,"href":"https:\/\/depotmtl.org\/fr\/wp-json\/wp\/v2\/media\/2540"}],"wp:attachment":[{"href":"https:\/\/depotmtl.org\/fr\/wp-json\/wp\/v2\/media?parent=2753"}],"curies":[{"name":"wp","href":"https:\/\/api.w.org\/{rel}","templated":true}]}}