{"id":2770,"date":"2025-12-04T01:57:54","date_gmt":"2025-12-04T01:57:54","guid":{"rendered":"https:\/\/depot.phil-lab.ca\/anti-oppression-commitments\/"},"modified":"2026-03-10T16:56:15","modified_gmt":"2026-03-10T16:56:15","slug":"engagements-anti-oppressifs","status":"publish","type":"page","link":"https:\/\/depotmtl.org\/fr\/engagements-anti-oppressifs\/","title":{"rendered":"Engagements anti-oppressifs"},"content":{"rendered":"\t\t<div data-elementor-type=\"wp-post\" data-elementor-id=\"2770\" class=\"elementor elementor-2770 elementor-1276\" data-elementor-post-type=\"page\">\n\t\t\t\t<div class=\"elementor-element elementor-element-db8f925 e-flex e-con-boxed e-con e-parent\" data-id=\"db8f925\" data-element_type=\"container\" data-e-type=\"container\">\n\t\t\t\t\t<div class=\"e-con-inner\">\n\t\t<div class=\"elementor-element elementor-element-ab55621 e-con-full e-flex e-con e-child\" data-id=\"ab55621\" data-element_type=\"container\" data-e-type=\"container\" data-settings=\"{&quot;background_background&quot;:&quot;classic&quot;}\">\n\t\t\t\t<div class=\"elementor-element elementor-element-6f1274b elementor-invisible elementor-widget elementor-widget-heading\" data-id=\"6f1274b\" data-element_type=\"widget\" data-e-type=\"widget\" data-settings=\"{&quot;_animation&quot;:&quot;fadeIn&quot;,&quot;_animation_delay&quot;:200}\" data-widget_type=\"heading.default\">\n\t\t\t\t\t<h2 class=\"elementor-heading-title elementor-size-default\">Engagements anti-oppressifs<\/h2>\t\t\t\t<\/div>\n\t\t\t\t<div class=\"elementor-element elementor-element-e5d4207 elementor-invisible elementor-widget elementor-widget-text-editor\" data-id=\"e5d4207\" data-element_type=\"widget\" data-e-type=\"widget\" data-settings=\"{&quot;_animation&quot;:&quot;fadeIn&quot;,&quot;_animation_delay&quot;:300}\" data-widget_type=\"text-editor.default\">\n\t\t\t\t\t\t\t\t\t<a style=\"color: #ffffff; text-decoration: underline;\" href=\"\/fr\">Accueil<\/a> \/ Engagements anti-oppressifs\t\t\t\t\t\t\t\t<\/div>\n\t\t\t\t<\/div>\n\t\t\t\t\t<\/div>\n\t\t\t\t<\/div>\n\t\t<div class=\"elementor-element elementor-element-d75376b e-flex e-con-boxed e-con e-parent\" data-id=\"d75376b\" data-element_type=\"container\" data-e-type=\"container\">\n\t\t\t\t\t<div class=\"e-con-inner\">\n\t\t<div class=\"elementor-element elementor-element-652f7e1 e-con-full e-flex e-con e-child\" data-id=\"652f7e1\" data-element_type=\"container\" data-e-type=\"container\">\n\t\t\t\t<div class=\"elementor-element elementor-element-c5a7b98 elementor-invisible elementor-widget elementor-widget-text-editor\" data-id=\"c5a7b98\" data-element_type=\"widget\" data-e-type=\"widget\" data-settings=\"{&quot;_animation_delay&quot;:400,&quot;_animation&quot;:&quot;fadeIn&quot;}\" data-widget_type=\"text-editor.default\">\n\t\t\t\t\t\t\t\t\t<p>Nous reconnaissons les formes historiques et actuelles d\u2019oppression, incluant le colonialisme, le racisme, le sexisme, le classisme, le capacitisme et l\u2019h\u00e9t\u00e9rosexisme, qui ont cr\u00e9\u00e9 et perp\u00e9tuent les iniquit\u00e9s d\u2019aujourd\u2019hui.<\/p><p>Nous reconnaissons que le mod\u00e8le actuel de l\u2019aide alimentaire caritative n\u2019est pas une solution \u00e0 la faim syst\u00e9mique.<\/p><p>Nous reconnaissons l\u2019urgence du travail dans lequel nous sommes engag\u00e9\u00b7e\u00b7s, tout en sachant que le soin, l\u2019\u00e9coute et la prise en compte des exp\u00e9riences des personnes concern\u00e9es sont essentiels pour trouver des solutions aux d\u00e9fis complexes de notre \u00e9poque.<\/p><p>Nous reconnaissons que toute forme d\u2019injustice fragilise l\u2019ensemble des avanc\u00e9es sociales.<\/p><p>C\u2019est pour cela qu\u2019il est essentiel pour nous de rendre ces engagements publics, en reconnaissant le r\u00f4le que nous jouons, comme individus, comme organisation et comme partie prenante d\u2019une soci\u00e9t\u00e9 complexe, pour contrer les multiples formes d\u2019oppression qui emp\u00eachent chacun\u00b7e de s\u2019\u00e9panouir.<\/p><p>En rendant ces engagements publics, nous affirmons notre intention de nous y tenir et de nous rendre imputables.<\/p><p>Nous notons que ce document est vivant et \u00e9volutif, amen\u00e9 \u00e0 changer au fil du temps \u00e0 mesure que nous apprenons et approfondissons ce travail.<\/p>\t\t\t\t\t\t\t\t<\/div>\n\t\t\t\t<div class=\"elementor-element elementor-element-5627bdf elementor-icon-list--layout-traditional elementor-list-item-link-full_width elementor-widget elementor-widget-icon-list\" data-id=\"5627bdf\" data-element_type=\"widget\" data-e-type=\"widget\" data-widget_type=\"icon-list.default\">\n\t\t\t\t\t\t\t<ul class=\"elementor-icon-list-items\">\n\t\t\t\t\t\t\t<li class=\"elementor-icon-list-item\">\n\t\t\t\t\t\t\t\t\t\t\t<span class=\"elementor-icon-list-icon\">\n\t\t\t\t\t\t\t<svg aria-hidden=\"true\" class=\"e-font-icon-svg e-fas-check\" viewBox=\"0 0 512 512\" xmlns=\"http:\/\/www.w3.org\/2000\/svg\"><path d=\"M173.898 439.404l-166.4-166.4c-9.997-9.997-9.997-26.206 0-36.204l36.203-36.204c9.997-9.998 26.207-9.998 36.204 0L192 312.69 432.095 72.596c9.997-9.997 26.207-9.997 36.204 0l36.203 36.204c9.997 9.997 9.997 26.206 0 36.204l-294.4 294.401c-9.998 9.997-26.207 9.997-36.204-.001z\"><\/path><\/svg>\t\t\t\t\t\t<\/span>\n\t\t\t\t\t\t\t\t\t\t<span class=\"elementor-icon-list-text\">Le D\u00e9p\u00f4t s\u2019engage \u00e0 remettre en question le statu-quo en adoptant un mod\u00e8le qui cherche des solutions \u00e0 long terme tout en r\u00e9pondant aux besoins imm\u00e9diats de la communaut\u00e9.<\/span>\n\t\t\t\t\t\t\t\t\t<\/li>\n\t\t\t\t\t\t\t\t<li class=\"elementor-icon-list-item\">\n\t\t\t\t\t\t\t\t\t\t\t<span class=\"elementor-icon-list-icon\">\n\t\t\t\t\t\t\t<svg aria-hidden=\"true\" class=\"e-font-icon-svg e-fas-check\" viewBox=\"0 0 512 512\" xmlns=\"http:\/\/www.w3.org\/2000\/svg\"><path d=\"M173.898 439.404l-166.4-166.4c-9.997-9.997-9.997-26.206 0-36.204l36.203-36.204c9.997-9.998 26.207-9.998 36.204 0L192 312.69 432.095 72.596c9.997-9.997 26.207-9.997 36.204 0l36.203 36.204c9.997 9.997 9.997 26.206 0 36.204l-294.4 294.401c-9.998 9.997-26.207 9.997-36.204-.001z\"><\/path><\/svg>\t\t\t\t\t\t<\/span>\n\t\t\t\t\t\t\t\t\t\t<span class=\"elementor-icon-list-text\">Le D\u00e9p\u00f4t s\u2019engage \u00e0 b\u00e2tir des partenariats strat\u00e9giques et \u00e0 s\u2019impliquer dans le travail de justice alimentaire et de lutte contre la pauvret\u00e9.<\/span>\n\t\t\t\t\t\t\t\t\t<\/li>\n\t\t\t\t\t\t\t\t<li class=\"elementor-icon-list-item\">\n\t\t\t\t\t\t\t\t\t\t\t<span class=\"elementor-icon-list-icon\">\n\t\t\t\t\t\t\t<svg aria-hidden=\"true\" class=\"e-font-icon-svg e-fas-check\" viewBox=\"0 0 512 512\" xmlns=\"http:\/\/www.w3.org\/2000\/svg\"><path d=\"M173.898 439.404l-166.4-166.4c-9.997-9.997-9.997-26.206 0-36.204l36.203-36.204c9.997-9.998 26.207-9.998 36.204 0L192 312.69 432.095 72.596c9.997-9.997 26.207-9.997 36.204 0l36.203 36.204c9.997 9.997 9.997 26.206 0 36.204l-294.4 294.401c-9.998 9.997-26.207 9.997-36.204-.001z\"><\/path><\/svg>\t\t\t\t\t\t<\/span>\n\t\t\t\t\t\t\t\t\t\t<span class=\"elementor-icon-list-text\">Le D\u00e9p\u00f4t s\u2019engage \u00e0 cr\u00e9er des espaces de dialogue et d\u2019\u00e9changes significatifs avec les participant\u00b7e\u00b7s afin d\u2019informer nos op\u00e9rations, notre programmation et notre travail de mobilisation.<\/span>\n\t\t\t\t\t\t\t\t\t<\/li>\n\t\t\t\t\t\t\t\t<li class=\"elementor-icon-list-item\">\n\t\t\t\t\t\t\t\t\t\t\t<span class=\"elementor-icon-list-icon\">\n\t\t\t\t\t\t\t<svg aria-hidden=\"true\" class=\"e-font-icon-svg e-fas-check\" viewBox=\"0 0 512 512\" xmlns=\"http:\/\/www.w3.org\/2000\/svg\"><path d=\"M173.898 439.404l-166.4-166.4c-9.997-9.997-9.997-26.206 0-36.204l36.203-36.204c9.997-9.998 26.207-9.998 36.204 0L192 312.69 432.095 72.596c9.997-9.997 26.207-9.997 36.204 0l36.203 36.204c9.997 9.997 9.997 26.206 0 36.204l-294.4 294.401c-9.998 9.997-26.207 9.997-36.204-.001z\"><\/path><\/svg>\t\t\t\t\t\t<\/span>\n\t\t\t\t\t\t\t\t\t\t<span class=\"elementor-icon-list-text\">Le D\u00e9p\u00f4t s\u2019engage \u00e0 un apprentissage et un d\u00e9sapprentissage continu sur les pratiques anti-oppressives, aux c\u00f4t\u00e9s des b\u00e9n\u00e9voles, participant\u00b7e\u00b7s et autres parties prenantes.<\/span>\n\t\t\t\t\t\t\t\t\t<\/li>\n\t\t\t\t\t\t\t\t<li class=\"elementor-icon-list-item\">\n\t\t\t\t\t\t\t\t\t\t\t<span class=\"elementor-icon-list-icon\">\n\t\t\t\t\t\t\t<svg aria-hidden=\"true\" class=\"e-font-icon-svg e-fas-check\" viewBox=\"0 0 512 512\" xmlns=\"http:\/\/www.w3.org\/2000\/svg\"><path d=\"M173.898 439.404l-166.4-166.4c-9.997-9.997-9.997-26.206 0-36.204l36.203-36.204c9.997-9.998 26.207-9.998 36.204 0L192 312.69 432.095 72.596c9.997-9.997 26.207-9.997 36.204 0l36.203 36.204c9.997 9.997 9.997 26.206 0 36.204l-294.4 294.401c-9.998 9.997-26.207 9.997-36.204-.001z\"><\/path><\/svg>\t\t\t\t\t\t<\/span>\n\t\t\t\t\t\t\t\t\t\t<span class=\"elementor-icon-list-text\">Le D\u00e9p\u00f4t s\u2019engage \u00e0 cr\u00e9er et \u00e0 r\u00e9viser continuellement des politiques et des pratiques qui int\u00e8grent l\u2019anti-oppression dans l\u2019ensemble de notre travail.<\/span>\n\t\t\t\t\t\t\t\t\t<\/li>\n\t\t\t\t\t\t\t\t<li class=\"elementor-icon-list-item\">\n\t\t\t\t\t\t\t\t\t\t\t<span class=\"elementor-icon-list-icon\">\n\t\t\t\t\t\t\t<svg aria-hidden=\"true\" class=\"e-font-icon-svg e-fas-check\" viewBox=\"0 0 512 512\" xmlns=\"http:\/\/www.w3.org\/2000\/svg\"><path d=\"M173.898 439.404l-166.4-166.4c-9.997-9.997-9.997-26.206 0-36.204l36.203-36.204c9.997-9.998 26.207-9.998 36.204 0L192 312.69 432.095 72.596c9.997-9.997 26.207-9.997 36.204 0l36.203 36.204c9.997 9.997 9.997 26.206 0 36.204l-294.4 294.401c-9.998 9.997-26.207 9.997-36.204-.001z\"><\/path><\/svg>\t\t\t\t\t\t<\/span>\n\t\t\t\t\t\t\t\t\t\t<span class=\"elementor-icon-list-text\">Le D\u00e9p\u00f4t s\u2019engage \u00e0 accro\u00eetre la diversit\u00e9 de son \u00e9quipe et de son conseil d\u2019administration.<\/span>\n\t\t\t\t\t\t\t\t\t<\/li>\n\t\t\t\t\t\t\t\t<li class=\"elementor-icon-list-item\">\n\t\t\t\t\t\t\t\t\t\t\t<span class=\"elementor-icon-list-icon\">\n\t\t\t\t\t\t\t<svg aria-hidden=\"true\" class=\"e-font-icon-svg e-fas-check\" viewBox=\"0 0 512 512\" xmlns=\"http:\/\/www.w3.org\/2000\/svg\"><path d=\"M173.898 439.404l-166.4-166.4c-9.997-9.997-9.997-26.206 0-36.204l36.203-36.204c9.997-9.998 26.207-9.998 36.204 0L192 312.69 432.095 72.596c9.997-9.997 26.207-9.997 36.204 0l36.203 36.204c9.997 9.997 9.997 26.206 0 36.204l-294.4 294.401c-9.998 9.997-26.207 9.997-36.204-.001z\"><\/path><\/svg>\t\t\t\t\t\t<\/span>\n\t\t\t\t\t\t\t\t\t\t<span class=\"elementor-icon-list-text\">Le D\u00e9p\u00f4t s\u2019engage \u00e0 cr\u00e9er un milieu de travail plus s\u00e9curitaire, plus bienveillant et plus inclusif.<\/span>\n\t\t\t\t\t\t\t\t\t<\/li>\n\t\t\t\t\t\t\t\t<li class=\"elementor-icon-list-item\">\n\t\t\t\t\t\t\t\t\t\t\t<span class=\"elementor-icon-list-icon\">\n\t\t\t\t\t\t\t<svg aria-hidden=\"true\" class=\"e-font-icon-svg e-fas-check\" viewBox=\"0 0 512 512\" xmlns=\"http:\/\/www.w3.org\/2000\/svg\"><path d=\"M173.898 439.404l-166.4-166.4c-9.997-9.997-9.997-26.206 0-36.204l36.203-36.204c9.997-9.998 26.207-9.998 36.204 0L192 312.69 432.095 72.596c9.997-9.997 26.207-9.997 36.204 0l36.203 36.204c9.997 9.997 9.997 26.206 0 36.204l-294.4 294.401c-9.998 9.997-26.207 9.997-36.204-.001z\"><\/path><\/svg>\t\t\t\t\t\t<\/span>\n\t\t\t\t\t\t\t\t\t\t<span class=\"elementor-icon-list-text\">Le D\u00e9p\u00f4t s\u2019engage \u00e0 placer l\u2019inclusion, l\u2019appartenance, l\u2019\u00e9quit\u00e9 et l\u2019accessibilit\u00e9 au c\u0153ur de tous nos programmes.<\/span>\n\t\t\t\t\t\t\t\t\t<\/li>\n\t\t\t\t\t\t\t\t<li class=\"elementor-icon-list-item\">\n\t\t\t\t\t\t\t\t\t\t\t<span class=\"elementor-icon-list-icon\">\n\t\t\t\t\t\t\t<svg aria-hidden=\"true\" class=\"e-font-icon-svg e-fas-check\" viewBox=\"0 0 512 512\" xmlns=\"http:\/\/www.w3.org\/2000\/svg\"><path d=\"M173.898 439.404l-166.4-166.4c-9.997-9.997-9.997-26.206 0-36.204l36.203-36.204c9.997-9.998 26.207-9.998 36.204 0L192 312.69 432.095 72.596c9.997-9.997 26.207-9.997 36.204 0l36.203 36.204c9.997 9.997 9.997 26.206 0 36.204l-294.4 294.401c-9.998 9.997-26.207 9.997-36.204-.001z\"><\/path><\/svg>\t\t\t\t\t\t<\/span>\n\t\t\t\t\t\t\t\t\t\t<span class=\"elementor-icon-list-text\">Le D\u00e9p\u00f4t s\u2019engage \u00e0 assurer une communication continue et transparente autour de notre travail anti-oppressif afin de garantir une r\u00e9elle imputabilit\u00e9.<\/span>\n\t\t\t\t\t\t\t\t\t<\/li>\n\t\t\t\t\t\t<\/ul>\n\t\t\t\t\t\t<\/div>\n\t\t\t\t<\/div>\n\t\t<div class=\"elementor-element elementor-element-a8d7376 e-con-full e-flex elementor-invisible e-con e-child\" data-id=\"a8d7376\" data-element_type=\"container\" data-e-type=\"container\" data-settings=\"{&quot;animation&quot;:&quot;fadeInRight&quot;,&quot;animation_delay&quot;:800,&quot;sticky&quot;:&quot;top&quot;,&quot;sticky_on&quot;:[&quot;desktop&quot;],&quot;sticky_offset&quot;:32,&quot;sticky_parent&quot;:&quot;yes&quot;,&quot;sticky_effects_offset&quot;:0,&quot;sticky_anchor_link_offset&quot;:0}\">\n\t\t\t\t<div class=\"elementor-element elementor-element-1ebb588 elementor-widget elementor-widget-image\" data-id=\"1ebb588\" data-element_type=\"widget\" data-e-type=\"widget\" data-widget_type=\"image.default\">\n\t\t\t\t\t\t\t\t\t\t\t\t\t\t\t<img fetchpriority=\"high\" decoding=\"async\" width=\"900\" height=\"642\" src=\"https:\/\/depotmtl.org\/wp-content\/uploads\/land-acknowledgment.jpg\" class=\"attachment-full size-full wp-image-2600\" alt=\"Indigenous land acknowledgment\" srcset=\"https:\/\/depotmtl.org\/wp-content\/uploads\/land-acknowledgment.jpg 900w, https:\/\/depotmtl.org\/wp-content\/uploads\/land-acknowledgment-300x214.jpg 300w, https:\/\/depotmtl.org\/wp-content\/uploads\/land-acknowledgment-768x548.jpg 768w\" sizes=\"(max-width: 900px) 100vw, 900px\" \/>\t\t\t\t\t\t\t\t\t\t\t\t\t\t\t<\/div>\n\t\t\t\t<\/div>\n\t\t\t\t\t<\/div>\n\t\t\t\t<\/div>\n\t\t<div class=\"elementor-element elementor-element-9673735 e-flex e-con-boxed e-con e-parent\" data-id=\"9673735\" data-element_type=\"container\" data-e-type=\"container\">\n\t\t\t\t\t<div class=\"e-con-inner\">\n\t\t\t\t<div class=\"elementor-element elementor-element-890eeca elementor-widget elementor-widget-html\" data-id=\"890eeca\" data-element_type=\"widget\" data-e-type=\"widget\" data-widget_type=\"html.default\">\n\t\t\t\t\t<script type=\"application\/ld+json\">\n{\n  \"@context\": \"https:\/\/schema.org\",\n  \"@graph\": [\n    {\n      \"@type\": \"WebPage\",\n      \"url\": \"https:\/\/depotmtl.org\/fr\/engagements-anti-oppressifs\/\",\n      \"name\": \"Engagements anti-oppressifs\",\n      \"publisher\": {\n        \"@type\": \"Organization\",\n        \"name\": \"Le D\u00e9p\u00f4t\"\n      }\n    },\n    {\n      \"@type\": \"BreadcrumbList\",\n      \"itemListElement\": [\n        {\n          \"@type\": \"ListItem\",\n          \"position\": 1,\n          \"name\": \"Accueil\",\n          \"item\": \"https:\/\/depotmtl.org\/fr\/\"\n        },\n        {\n          \"@type\": \"ListItem\",\n          \"position\": 2,\n          \"name\": \"Engagements anti-oppressifs\",\n          \"item\": \"https:\/\/depotmtl.org\/fr\/engagements-anti-oppressifs\/\"\n        }\n      ]\n    }\n  ]\n}\n<\/script>\t\t\t\t<\/div>\n\t\t\t\t\t<\/div>\n\t\t\t\t<\/div>\n\t\t\t\t<\/div>\n\t\t","protected":false},"excerpt":{"rendered":"<p>Engagements anti-oppressifs Accueil \/ Engagements anti-oppressifs Nous reconnaissons les formes historiques et actuelles d\u2019oppression, incluant le colonialisme, le racisme, le sexisme, le classisme, le capacitisme et l\u2019h\u00e9t\u00e9rosexisme, qui ont cr\u00e9\u00e9 et perp\u00e9tuent les iniquit\u00e9s d\u2019aujourd\u2019hui. Nous reconnaissons que le mod\u00e8le actuel de l\u2019aide alimentaire caritative n\u2019est pas une solution \u00e0 la faim syst\u00e9mique. Nous reconnaissons [&hellip;]<\/p>\n","protected":false},"author":3,"featured_media":2600,"parent":0,"menu_order":0,"comment_status":"closed","ping_status":"closed","template":"","meta":{"footnotes":""},"class_list":["post-2770","page","type-page","status-publish","has-post-thumbnail","hentry"],"aioseo_notices":[],"_links":{"self":[{"href":"https:\/\/depotmtl.org\/fr\/wp-json\/wp\/v2\/pages\/2770","targetHints":{"allow":["GET"]}}],"collection":[{"href":"https:\/\/depotmtl.org\/fr\/wp-json\/wp\/v2\/pages"}],"about":[{"href":"https:\/\/depotmtl.org\/fr\/wp-json\/wp\/v2\/types\/page"}],"author":[{"embeddable":true,"href":"https:\/\/depotmtl.org\/fr\/wp-json\/wp\/v2\/users\/3"}],"replies":[{"embeddable":true,"href":"https:\/\/depotmtl.org\/fr\/wp-json\/wp\/v2\/comments?post=2770"}],"version-history":[{"count":10,"href":"https:\/\/depotmtl.org\/fr\/wp-json\/wp\/v2\/pages\/2770\/revisions"}],"predecessor-version":[{"id":4170,"href":"https:\/\/depotmtl.org\/fr\/wp-json\/wp\/v2\/pages\/2770\/revisions\/4170"}],"wp:featuredmedia":[{"embeddable":true,"href":"https:\/\/depotmtl.org\/fr\/wp-json\/wp\/v2\/media\/2600"}],"wp:attachment":[{"href":"https:\/\/depotmtl.org\/fr\/wp-json\/wp\/v2\/media?parent=2770"}],"curies":[{"name":"wp","href":"https:\/\/api.w.org\/{rel}","templated":true}]}}